{"id":644,"date":"2015-10-07T17:01:51","date_gmt":"2015-10-07T22:01:51","guid":{"rendered":"http:\/\/www.envisa.com.mx\/sitio\/?page_id=644"},"modified":"2016-10-31T17:48:24","modified_gmt":"2016-10-31T23:48:24","slug":"juegos","status":"publish","type":"page","link":"https:\/\/envisa.com.mx\/ingles\/juegos\/","title":{"rendered":"Sets"},"content":{"rendered":"<div class=\"vc_row wpb_row vc_row-fluid\"><div class=\"wpb_column vc_column_container vc_col-sm-12\"><div class=\"wpb_wrapper\">\n\t<div class=\"wpb_text_column wpb_content_element \">\n\t\t<div class=\"wpb_wrapper\">\n\t\t\t<p><img loading=\"lazy\" decoding=\"async\" class=\"aligncenter wp-image-1176 size-full\" src=\"http:\/\/envisa.com.mx\/ingles\/wp-content\/uploads\/2015\/09\/products.png\" alt=\"\" width=\"844\" height=\"250\" srcset=\"https:\/\/envisa.com.mx\/ingles\/wp-content\/uploads\/2015\/09\/products.png 844w, https:\/\/envisa.com.mx\/ingles\/wp-content\/uploads\/2015\/09\/products-300x89.png 300w\" sizes=\"auto, (max-width: 844px) 100vw, 844px\" \/><\/p>\n\n\t\t<\/div> \n\t<\/div> <h2 style=\"color: #4a4a4a;text-align: center\" class=\"vc_custom_heading\">Sets<\/h2><div class=\"woocommerce columns-4 \"><ul class=\"products columns-4\">\n<li class=\"first post-726 product type-product status-publish has-post-thumbnail product_cat-juegos  instock shipping-taxable product-type-simple\">\n<div class=\"product-container-pro\">\n\t<a href=\"https:\/\/envisa.com.mx\/ingles\/producto\/juego-confeti\/\" class=\"woocommerce-LoopProduct-link woocommerce-loop-product__link\">\n\t<a href=\"https:\/\/envisa.com.mx\/ingles\/producto\/juego-confeti\/\">\n\n\t\t<img loading=\"lazy\" decoding=\"async\" width=\"300\" height=\"300\" src=\"https:\/\/envisa.com.mx\/ingles\/wp-content\/uploads\/2015\/10\/Juego-Confeti-300x300.jpg\" class=\"attachment-woocommerce_thumbnail size-woocommerce_thumbnail\" alt=\"Juego Confeti\" srcset=\"https:\/\/envisa.com.mx\/ingles\/wp-content\/uploads\/2015\/10\/Juego-Confeti-300x300.jpg 300w, https:\/\/envisa.com.mx\/ingles\/wp-content\/uploads\/2015\/10\/Juego-Confeti-150x150.jpg 150w, https:\/\/envisa.com.mx\/ingles\/wp-content\/uploads\/2015\/10\/Juego-Confeti-180x180.jpg 180w\" sizes=\"auto, (max-width: 300px) 100vw, 300px\" \/>\n\t\t<h3>Juego Confeti<\/h3>\n\n\t\t\n\n\t<\/a>\n\n\t<\/a><a href=\"https:\/\/envisa.com.mx\/ingles\/producto\/juego-confeti\/\" aria-describedby=\"woocommerce_loop_add_to_cart_link_describedby_726\" data-quantity=\"1\" class=\"button product_type_simple\" data-product_id=\"726\" data-product_sku=\"\" aria-label=\"Lee m\u00e1s sobre &ldquo;Juego Confeti&rdquo;\" rel=\"nofollow\" data-success_message=\"\">Leer m\u00e1s<\/a>\t<span id=\"woocommerce_loop_add_to_cart_link_describedby_726\" class=\"screen-reader-text\">\n\t\t\t<\/span>\n<\/div><!-- close .product-container-pro -->\n<\/li>\n<li class=\"post-731 product type-product status-publish has-post-thumbnail product_cat-juegos last instock shipping-taxable product-type-simple\">\n<div class=\"product-container-pro\">\n\t<a href=\"https:\/\/envisa.com.mx\/ingles\/producto\/juego-milan\/\" class=\"woocommerce-LoopProduct-link woocommerce-loop-product__link\">\n\t<a href=\"https:\/\/envisa.com.mx\/ingles\/producto\/juego-milan\/\">\n\n\t\t<img loading=\"lazy\" decoding=\"async\" width=\"300\" height=\"300\" src=\"https:\/\/envisa.com.mx\/ingles\/wp-content\/uploads\/2015\/10\/milan1-300x300.jpg\" class=\"attachment-woocommerce_thumbnail size-woocommerce_thumbnail\" alt=\"Juego Milan\" srcset=\"https:\/\/envisa.com.mx\/ingles\/wp-content\/uploads\/2015\/10\/milan1-300x300.jpg 300w, https:\/\/envisa.com.mx\/ingles\/wp-content\/uploads\/2015\/10\/milan1-150x150.jpg 150w, https:\/\/envisa.com.mx\/ingles\/wp-content\/uploads\/2015\/10\/milan1-180x180.jpg 180w, https:\/\/envisa.com.mx\/ingles\/wp-content\/uploads\/2015\/10\/milan1-600x600.jpg 600w\" sizes=\"auto, (max-width: 300px) 100vw, 300px\" \/>\n\t\t<h3>Juego Milan<\/h3>\n\n\t\t\n\n\t<\/a>\n\n\t<\/a><a href=\"https:\/\/envisa.com.mx\/ingles\/producto\/juego-milan\/\" aria-describedby=\"woocommerce_loop_add_to_cart_link_describedby_731\" data-quantity=\"1\" class=\"button product_type_simple\" data-product_id=\"731\" data-product_sku=\"\" aria-label=\"Lee m\u00e1s sobre &ldquo;Juego Milan&rdquo;\" rel=\"nofollow\" data-success_message=\"\">Leer m\u00e1s<\/a>\t<span id=\"woocommerce_loop_add_to_cart_link_describedby_731\" class=\"screen-reader-text\">\n\t\t\t<\/span>\n<\/div><!-- close .product-container-pro -->\n<\/li>\n<li class=\"first post-728 product type-product status-publish has-post-thumbnail product_cat-juegos  instock shipping-taxable product-type-simple\">\n<div class=\"product-container-pro\">\n\t<a href=\"https:\/\/envisa.com.mx\/ingles\/producto\/juego-ondas\/\" class=\"woocommerce-LoopProduct-link woocommerce-loop-product__link\">\n\t<a href=\"https:\/\/envisa.com.mx\/ingles\/producto\/juego-ondas\/\">\n\n\t\t<img loading=\"lazy\" decoding=\"async\" width=\"300\" height=\"300\" src=\"https:\/\/envisa.com.mx\/ingles\/wp-content\/uploads\/2015\/10\/Juego-Ondas-300x300.jpg\" class=\"attachment-woocommerce_thumbnail size-woocommerce_thumbnail\" alt=\"Juego Ondas\" srcset=\"https:\/\/envisa.com.mx\/ingles\/wp-content\/uploads\/2015\/10\/Juego-Ondas-300x300.jpg 300w, https:\/\/envisa.com.mx\/ingles\/wp-content\/uploads\/2015\/10\/Juego-Ondas-150x150.jpg 150w, https:\/\/envisa.com.mx\/ingles\/wp-content\/uploads\/2015\/10\/Juego-Ondas-180x180.jpg 180w\" sizes=\"auto, (max-width: 300px) 100vw, 300px\" \/>\n\t\t<h3>Juego Ondas<\/h3>\n\n\t\t\n\n\t<\/a>\n\n\t<\/a><a href=\"https:\/\/envisa.com.mx\/ingles\/producto\/juego-ondas\/\" aria-describedby=\"woocommerce_loop_add_to_cart_link_describedby_728\" data-quantity=\"1\" class=\"button product_type_simple\" data-product_id=\"728\" data-product_sku=\"\" aria-label=\"Lee m\u00e1s sobre &ldquo;Juego Ondas&rdquo;\" rel=\"nofollow\" data-success_message=\"\">Leer m\u00e1s<\/a>\t<span id=\"woocommerce_loop_add_to_cart_link_describedby_728\" class=\"screen-reader-text\">\n\t\t\t<\/span>\n<\/div><!-- close .product-container-pro -->\n<\/li>\n<li class=\"post-730 product type-product status-publish has-post-thumbnail product_cat-juegos last instock shipping-taxable product-type-simple\">\n<div class=\"product-container-pro\">\n\t<a href=\"https:\/\/envisa.com.mx\/ingles\/producto\/juego-turin\/\" class=\"woocommerce-LoopProduct-link woocommerce-loop-product__link\">\n\t<a href=\"https:\/\/envisa.com.mx\/ingles\/producto\/juego-turin\/\">\n\n\t\t<img loading=\"lazy\" decoding=\"async\" width=\"300\" height=\"300\" src=\"https:\/\/envisa.com.mx\/ingles\/wp-content\/uploads\/2015\/10\/turin1-300x300.jpg\" class=\"attachment-woocommerce_thumbnail size-woocommerce_thumbnail\" alt=\"Juego Turin\" srcset=\"https:\/\/envisa.com.mx\/ingles\/wp-content\/uploads\/2015\/10\/turin1-300x300.jpg 300w, https:\/\/envisa.com.mx\/ingles\/wp-content\/uploads\/2015\/10\/turin1-150x150.jpg 150w, https:\/\/envisa.com.mx\/ingles\/wp-content\/uploads\/2015\/10\/turin1-180x180.jpg 180w, https:\/\/envisa.com.mx\/ingles\/wp-content\/uploads\/2015\/10\/turin1-600x600.jpg 600w\" sizes=\"auto, (max-width: 300px) 100vw, 300px\" \/>\n\t\t<h3>Juego Turin<\/h3>\n\n\t\t\n\n\t<\/a>\n\n\t<\/a><a href=\"https:\/\/envisa.com.mx\/ingles\/producto\/juego-turin\/\" aria-describedby=\"woocommerce_loop_add_to_cart_link_describedby_730\" data-quantity=\"1\" class=\"button product_type_simple\" data-product_id=\"730\" data-product_sku=\"\" aria-label=\"Lee m\u00e1s sobre &ldquo;Juego Turin&rdquo;\" rel=\"nofollow\" data-success_message=\"\">Leer m\u00e1s<\/a>\t<span id=\"woocommerce_loop_add_to_cart_link_describedby_730\" class=\"screen-reader-text\">\n\t\t\t<\/span>\n<\/div><!-- close .product-container-pro -->\n<\/li>\n<\/ul>\n<\/div><\/div><\/div><\/div>\n","protected":false},"excerpt":{"rendered":"Sets Juego Confeti Leer m\u00e1s Juego Milan Leer m\u00e1s Juego Ondas Leer m\u00e1s Juego Turin Leer m\u00e1s","protected":false},"author":1,"featured_media":0,"parent":0,"menu_order":0,"comment_status":"closed","ping_status":"closed","template":"page-sidebar.php","meta":{"footnotes":""},"class_list":["post-644","page","type-page","status-publish","hentry"],"_links":{"self":[{"href":"https:\/\/envisa.com.mx\/ingles\/wp-json\/wp\/v2\/pages\/644","targetHints":{"allow":["GET"]}}],"collection":[{"href":"https:\/\/envisa.com.mx\/ingles\/wp-json\/wp\/v2\/pages"}],"about":[{"href":"https:\/\/envisa.com.mx\/ingles\/wp-json\/wp\/v2\/types\/page"}],"author":[{"embeddable":true,"href":"https:\/\/envisa.com.mx\/ingles\/wp-json\/wp\/v2\/users\/1"}],"replies":[{"embeddable":true,"href":"https:\/\/envisa.com.mx\/ingles\/wp-json\/wp\/v2\/comments?post=644"}],"version-history":[{"count":3,"href":"https:\/\/envisa.com.mx\/ingles\/wp-json\/wp\/v2\/pages\/644\/revisions"}],"predecessor-version":[{"id":1188,"href":"https:\/\/envisa.com.mx\/ingles\/wp-json\/wp\/v2\/pages\/644\/revisions\/1188"}],"wp:attachment":[{"href":"https:\/\/envisa.com.mx\/ingles\/wp-json\/wp\/v2\/media?parent=644"}],"curies":[{"name":"wp","href":"https:\/\/api.w.org\/{rel}","templated":true}]}}