{"id":444,"date":"2015-09-30T15:24:08","date_gmt":"2015-09-30T20:24:08","guid":{"rendered":"http:\/\/www.envisa.com.mx\/sitio\/?page_id=444"},"modified":"2016-10-31T17:46:19","modified_gmt":"2016-10-31T23:46:19","slug":"decorado","status":"publish","type":"page","link":"https:\/\/envisa.com.mx\/ingles\/decorado\/","title":{"rendered":"Decorated drinkware"},"content":{"rendered":"<div class=\"vc_row wpb_row vc_row-fluid\"><div class=\"wpb_column vc_column_container vc_col-sm-12\"><div class=\"wpb_wrapper\">\n\t<div class=\"wpb_text_column wpb_content_element \">\n\t\t<div class=\"wpb_wrapper\">\n\t\t\t<p><img loading=\"lazy\" decoding=\"async\" class=\"aligncenter wp-image-1176 size-full\" src=\"http:\/\/envisa.com.mx\/ingles\/wp-content\/uploads\/2015\/09\/products.png\" alt=\"\" width=\"844\" height=\"250\" srcset=\"https:\/\/envisa.com.mx\/ingles\/wp-content\/uploads\/2015\/09\/products.png 844w, https:\/\/envisa.com.mx\/ingles\/wp-content\/uploads\/2015\/09\/products-300x89.png 300w\" sizes=\"auto, (max-width: 844px) 100vw, 844px\" \/><\/p>\n\n\t\t<\/div> \n\t<\/div> <h2 style=\"color: #4a4a4a;text-align: center\" class=\"vc_custom_heading\">Decorated drinkware<\/h2><div class=\"woocommerce columns-4 \"><ul class=\"products columns-4\">\n<li class=\"first post-753 product type-product status-publish has-post-thumbnail product_cat-decorado  instock shipping-taxable product-type-simple\">\n<div class=\"product-container-pro\">\n\t<a href=\"https:\/\/envisa.com.mx\/ingles\/producto\/decorado-5233\/\" class=\"woocommerce-LoopProduct-link woocommerce-loop-product__link\">\n\t<a href=\"https:\/\/envisa.com.mx\/ingles\/producto\/decorado-5233\/\">\n\n\t\t<img loading=\"lazy\" decoding=\"async\" width=\"300\" height=\"300\" src=\"https:\/\/envisa.com.mx\/ingles\/wp-content\/uploads\/2015\/10\/5233-300x300.jpg\" class=\"attachment-woocommerce_thumbnail size-woocommerce_thumbnail\" alt=\"Decorado 5233\" srcset=\"https:\/\/envisa.com.mx\/ingles\/wp-content\/uploads\/2015\/10\/5233-300x300.jpg 300w, https:\/\/envisa.com.mx\/ingles\/wp-content\/uploads\/2015\/10\/5233-150x150.jpg 150w, https:\/\/envisa.com.mx\/ingles\/wp-content\/uploads\/2015\/10\/5233-180x180.jpg 180w, https:\/\/envisa.com.mx\/ingles\/wp-content\/uploads\/2015\/10\/5233-600x600.jpg 600w\" sizes=\"auto, (max-width: 300px) 100vw, 300px\" \/>\n\t\t<h3>Decorado 5233<\/h3>\n\n\t\t\n\n\t<\/a>\n\n\t<\/a><a href=\"https:\/\/envisa.com.mx\/ingles\/producto\/decorado-5233\/\" aria-describedby=\"woocommerce_loop_add_to_cart_link_describedby_753\" data-quantity=\"1\" class=\"button product_type_simple\" data-product_id=\"753\" data-product_sku=\"\" aria-label=\"Lee m\u00e1s sobre &ldquo;Decorado 5233&rdquo;\" rel=\"nofollow\" data-success_message=\"\">Leer m\u00e1s<\/a>\t<span id=\"woocommerce_loop_add_to_cart_link_describedby_753\" class=\"screen-reader-text\">\n\t\t\t<\/span>\n<\/div><!-- close .product-container-pro -->\n<\/li>\n<li class=\"post-971 product type-product status-publish has-post-thumbnail product_cat-decorado last instock shipping-taxable product-type-simple\">\n<div class=\"product-container-pro\">\n\t<a href=\"https:\/\/envisa.com.mx\/ingles\/producto\/decorado-5236\/\" class=\"woocommerce-LoopProduct-link woocommerce-loop-product__link\">\n\t<a href=\"https:\/\/envisa.com.mx\/ingles\/producto\/decorado-5236\/\">\n\n\t\t<img loading=\"lazy\" decoding=\"async\" width=\"300\" height=\"300\" src=\"https:\/\/envisa.com.mx\/ingles\/wp-content\/uploads\/2015\/10\/envisa_JAI5236-300x300.jpg\" class=\"attachment-woocommerce_thumbnail size-woocommerce_thumbnail\" alt=\"Decorado 5236\" srcset=\"https:\/\/envisa.com.mx\/ingles\/wp-content\/uploads\/2015\/10\/envisa_JAI5236-300x300.jpg 300w, https:\/\/envisa.com.mx\/ingles\/wp-content\/uploads\/2015\/10\/envisa_JAI5236-150x150.jpg 150w, https:\/\/envisa.com.mx\/ingles\/wp-content\/uploads\/2015\/10\/envisa_JAI5236-180x180.jpg 180w, https:\/\/envisa.com.mx\/ingles\/wp-content\/uploads\/2015\/10\/envisa_JAI5236-600x600.jpg 600w\" sizes=\"auto, (max-width: 300px) 100vw, 300px\" \/>\n\t\t<h3>Decorado 5236<\/h3>\n\n\t\t\n\n\t<\/a>\n\n\t<\/a><a href=\"https:\/\/envisa.com.mx\/ingles\/producto\/decorado-5236\/\" aria-describedby=\"woocommerce_loop_add_to_cart_link_describedby_971\" data-quantity=\"1\" class=\"button product_type_simple\" data-product_id=\"971\" data-product_sku=\"\" aria-label=\"Lee m\u00e1s sobre &ldquo;Decorado 5236&rdquo;\" rel=\"nofollow\" data-success_message=\"\">Leer m\u00e1s<\/a>\t<span id=\"woocommerce_loop_add_to_cart_link_describedby_971\" class=\"screen-reader-text\">\n\t\t\t<\/span>\n<\/div><!-- close .product-container-pro -->\n<\/li>\n<li class=\"first post-754 product type-product status-publish has-post-thumbnail product_cat-decorado  instock shipping-taxable product-type-simple\">\n<div class=\"product-container-pro\">\n\t<a href=\"https:\/\/envisa.com.mx\/ingles\/producto\/decorado-5237\/\" class=\"woocommerce-LoopProduct-link woocommerce-loop-product__link\">\n\t<a href=\"https:\/\/envisa.com.mx\/ingles\/producto\/decorado-5237\/\">\n\n\t\t<img loading=\"lazy\" decoding=\"async\" width=\"300\" height=\"300\" src=\"https:\/\/envisa.com.mx\/ingles\/wp-content\/uploads\/2015\/10\/52371-300x300.jpg\" class=\"attachment-woocommerce_thumbnail size-woocommerce_thumbnail\" alt=\"Decorado 5237\" srcset=\"https:\/\/envisa.com.mx\/ingles\/wp-content\/uploads\/2015\/10\/52371-300x300.jpg 300w, https:\/\/envisa.com.mx\/ingles\/wp-content\/uploads\/2015\/10\/52371-150x150.jpg 150w, https:\/\/envisa.com.mx\/ingles\/wp-content\/uploads\/2015\/10\/52371-180x180.jpg 180w, https:\/\/envisa.com.mx\/ingles\/wp-content\/uploads\/2015\/10\/52371-600x600.jpg 600w\" sizes=\"auto, (max-width: 300px) 100vw, 300px\" \/>\n\t\t<h3>Decorado 5237<\/h3>\n\n\t\t\n\n\t<\/a>\n\n\t<\/a><a href=\"https:\/\/envisa.com.mx\/ingles\/producto\/decorado-5237\/\" aria-describedby=\"woocommerce_loop_add_to_cart_link_describedby_754\" data-quantity=\"1\" class=\"button product_type_simple\" data-product_id=\"754\" data-product_sku=\"\" aria-label=\"Lee m\u00e1s sobre &ldquo;Decorado 5237&rdquo;\" rel=\"nofollow\" data-success_message=\"\">Leer m\u00e1s<\/a>\t<span id=\"woocommerce_loop_add_to_cart_link_describedby_754\" class=\"screen-reader-text\">\n\t\t\t<\/span>\n<\/div><!-- close .product-container-pro -->\n<\/li>\n<li class=\"post-756 product type-product status-publish has-post-thumbnail product_cat-decorado last instock shipping-taxable product-type-simple\">\n<div class=\"product-container-pro\">\n\t<a href=\"https:\/\/envisa.com.mx\/ingles\/producto\/decorado-5239\/\" class=\"woocommerce-LoopProduct-link woocommerce-loop-product__link\">\n\t<a href=\"https:\/\/envisa.com.mx\/ingles\/producto\/decorado-5239\/\">\n\n\t\t<img loading=\"lazy\" decoding=\"async\" width=\"300\" height=\"300\" src=\"https:\/\/envisa.com.mx\/ingles\/wp-content\/uploads\/2015\/10\/5239-300x300.jpg\" class=\"attachment-woocommerce_thumbnail size-woocommerce_thumbnail\" alt=\"Decorado 5239\" srcset=\"https:\/\/envisa.com.mx\/ingles\/wp-content\/uploads\/2015\/10\/5239-300x300.jpg 300w, https:\/\/envisa.com.mx\/ingles\/wp-content\/uploads\/2015\/10\/5239-150x150.jpg 150w, https:\/\/envisa.com.mx\/ingles\/wp-content\/uploads\/2015\/10\/5239-180x180.jpg 180w, https:\/\/envisa.com.mx\/ingles\/wp-content\/uploads\/2015\/10\/5239-600x600.jpg 600w\" sizes=\"auto, (max-width: 300px) 100vw, 300px\" \/>\n\t\t<h3>Decorado 5239<\/h3>\n\n\t\t\n\n\t<\/a>\n\n\t<\/a><a href=\"https:\/\/envisa.com.mx\/ingles\/producto\/decorado-5239\/\" aria-describedby=\"woocommerce_loop_add_to_cart_link_describedby_756\" data-quantity=\"1\" class=\"button product_type_simple\" data-product_id=\"756\" data-product_sku=\"\" aria-label=\"Lee m\u00e1s sobre &ldquo;Decorado 5239&rdquo;\" rel=\"nofollow\" data-success_message=\"\">Leer m\u00e1s<\/a>\t<span id=\"woocommerce_loop_add_to_cart_link_describedby_756\" class=\"screen-reader-text\">\n\t\t\t<\/span>\n<\/div><!-- close .product-container-pro -->\n<\/li>\n<li class=\"first post-757 product type-product status-publish has-post-thumbnail product_cat-decorado  instock shipping-taxable product-type-simple\">\n<div class=\"product-container-pro\">\n\t<a href=\"https:\/\/envisa.com.mx\/ingles\/producto\/decorado-5240\/\" class=\"woocommerce-LoopProduct-link woocommerce-loop-product__link\">\n\t<a href=\"https:\/\/envisa.com.mx\/ingles\/producto\/decorado-5240\/\">\n\n\t\t<img loading=\"lazy\" decoding=\"async\" width=\"300\" height=\"300\" src=\"https:\/\/envisa.com.mx\/ingles\/wp-content\/uploads\/2015\/10\/5240-300x300.jpg\" class=\"attachment-woocommerce_thumbnail size-woocommerce_thumbnail\" alt=\"Decorado 5240\" srcset=\"https:\/\/envisa.com.mx\/ingles\/wp-content\/uploads\/2015\/10\/5240-300x300.jpg 300w, https:\/\/envisa.com.mx\/ingles\/wp-content\/uploads\/2015\/10\/5240-150x150.jpg 150w, https:\/\/envisa.com.mx\/ingles\/wp-content\/uploads\/2015\/10\/5240-180x180.jpg 180w, https:\/\/envisa.com.mx\/ingles\/wp-content\/uploads\/2015\/10\/5240-600x600.jpg 600w\" sizes=\"auto, (max-width: 300px) 100vw, 300px\" \/>\n\t\t<h3>Decorado 5240<\/h3>\n\n\t\t\n\n\t<\/a>\n\n\t<\/a><a href=\"https:\/\/envisa.com.mx\/ingles\/producto\/decorado-5240\/\" aria-describedby=\"woocommerce_loop_add_to_cart_link_describedby_757\" data-quantity=\"1\" class=\"button product_type_simple\" data-product_id=\"757\" data-product_sku=\"\" aria-label=\"Lee m\u00e1s sobre &ldquo;Decorado 5240&rdquo;\" rel=\"nofollow\" data-success_message=\"\">Leer m\u00e1s<\/a>\t<span id=\"woocommerce_loop_add_to_cart_link_describedby_757\" class=\"screen-reader-text\">\n\t\t\t<\/span>\n<\/div><!-- close .product-container-pro -->\n<\/li>\n<li class=\"post-758 product type-product status-publish has-post-thumbnail product_cat-decorado last instock shipping-taxable product-type-simple\">\n<div class=\"product-container-pro\">\n\t<a href=\"https:\/\/envisa.com.mx\/ingles\/producto\/decorado-5241\/\" class=\"woocommerce-LoopProduct-link woocommerce-loop-product__link\">\n\t<a href=\"https:\/\/envisa.com.mx\/ingles\/producto\/decorado-5241\/\">\n\n\t\t<img loading=\"lazy\" decoding=\"async\" width=\"300\" height=\"300\" src=\"https:\/\/envisa.com.mx\/ingles\/wp-content\/uploads\/2015\/10\/5241-300x300.jpg\" class=\"attachment-woocommerce_thumbnail size-woocommerce_thumbnail\" alt=\"Decorado 5241\" srcset=\"https:\/\/envisa.com.mx\/ingles\/wp-content\/uploads\/2015\/10\/5241-300x300.jpg 300w, https:\/\/envisa.com.mx\/ingles\/wp-content\/uploads\/2015\/10\/5241-150x150.jpg 150w, https:\/\/envisa.com.mx\/ingles\/wp-content\/uploads\/2015\/10\/5241-180x180.jpg 180w, https:\/\/envisa.com.mx\/ingles\/wp-content\/uploads\/2015\/10\/5241-600x600.jpg 600w\" sizes=\"auto, (max-width: 300px) 100vw, 300px\" \/>\n\t\t<h3>Decorado 5241<\/h3>\n\n\t\t\n\n\t<\/a>\n\n\t<\/a><a href=\"https:\/\/envisa.com.mx\/ingles\/producto\/decorado-5241\/\" aria-describedby=\"woocommerce_loop_add_to_cart_link_describedby_758\" data-quantity=\"1\" class=\"button product_type_simple\" data-product_id=\"758\" data-product_sku=\"\" aria-label=\"Lee m\u00e1s sobre &ldquo;Decorado 5241&rdquo;\" rel=\"nofollow\" data-success_message=\"\">Leer m\u00e1s<\/a>\t<span id=\"woocommerce_loop_add_to_cart_link_describedby_758\" class=\"screen-reader-text\">\n\t\t\t<\/span>\n<\/div><!-- close .product-container-pro -->\n<\/li>\n<li class=\"first post-720 product type-product status-publish has-post-thumbnail product_cat-decorado  instock shipping-taxable product-type-simple\">\n<div class=\"product-container-pro\">\n\t<a href=\"https:\/\/envisa.com.mx\/ingles\/producto\/envisa_jai5244\/\" class=\"woocommerce-LoopProduct-link woocommerce-loop-product__link\">\n\t<a href=\"https:\/\/envisa.com.mx\/ingles\/producto\/envisa_jai5244\/\">\n\n\t\t<img loading=\"lazy\" decoding=\"async\" width=\"300\" height=\"300\" src=\"https:\/\/envisa.com.mx\/ingles\/wp-content\/uploads\/2015\/10\/vaso-lunares-300x300.jpg\" class=\"attachment-woocommerce_thumbnail size-woocommerce_thumbnail\" alt=\"Decorado 5244\" srcset=\"https:\/\/envisa.com.mx\/ingles\/wp-content\/uploads\/2015\/10\/vaso-lunares-300x300.jpg 300w, https:\/\/envisa.com.mx\/ingles\/wp-content\/uploads\/2015\/10\/vaso-lunares-150x150.jpg 150w, https:\/\/envisa.com.mx\/ingles\/wp-content\/uploads\/2015\/10\/vaso-lunares-180x180.jpg 180w, https:\/\/envisa.com.mx\/ingles\/wp-content\/uploads\/2015\/10\/vaso-lunares-600x600.jpg 600w\" sizes=\"auto, (max-width: 300px) 100vw, 300px\" \/>\n\t\t<h3>Decorado 5244<\/h3>\n\n\t\t\n\n\t<\/a>\n\n\t<\/a><a href=\"https:\/\/envisa.com.mx\/ingles\/producto\/envisa_jai5244\/\" aria-describedby=\"woocommerce_loop_add_to_cart_link_describedby_720\" data-quantity=\"1\" class=\"button product_type_simple\" data-product_id=\"720\" data-product_sku=\"\" aria-label=\"Lee m\u00e1s sobre &ldquo;Decorado 5244&rdquo;\" rel=\"nofollow\" data-success_message=\"\">Leer m\u00e1s<\/a>\t<span id=\"woocommerce_loop_add_to_cart_link_describedby_720\" class=\"screen-reader-text\">\n\t\t\t<\/span>\n<\/div><!-- close .product-container-pro -->\n<\/li>\n<li class=\"post-759 product type-product status-publish has-post-thumbnail product_cat-decorado last instock shipping-taxable product-type-simple\">\n<div class=\"product-container-pro\">\n\t<a href=\"https:\/\/envisa.com.mx\/ingles\/producto\/decorado-5245\/\" class=\"woocommerce-LoopProduct-link woocommerce-loop-product__link\">\n\t<a href=\"https:\/\/envisa.com.mx\/ingles\/producto\/decorado-5245\/\">\n\n\t\t<img loading=\"lazy\" decoding=\"async\" width=\"300\" height=\"300\" src=\"https:\/\/envisa.com.mx\/ingles\/wp-content\/uploads\/2015\/10\/5245-300x300.jpg\" class=\"attachment-woocommerce_thumbnail size-woocommerce_thumbnail\" alt=\"Decorado 5245\" srcset=\"https:\/\/envisa.com.mx\/ingles\/wp-content\/uploads\/2015\/10\/5245-300x300.jpg 300w, https:\/\/envisa.com.mx\/ingles\/wp-content\/uploads\/2015\/10\/5245-150x150.jpg 150w, https:\/\/envisa.com.mx\/ingles\/wp-content\/uploads\/2015\/10\/5245-180x180.jpg 180w, https:\/\/envisa.com.mx\/ingles\/wp-content\/uploads\/2015\/10\/5245-600x600.jpg 600w\" sizes=\"auto, (max-width: 300px) 100vw, 300px\" \/>\n\t\t<h3>Decorado 5245<\/h3>\n\n\t\t\n\n\t<\/a>\n\n\t<\/a><a href=\"https:\/\/envisa.com.mx\/ingles\/producto\/decorado-5245\/\" aria-describedby=\"woocommerce_loop_add_to_cart_link_describedby_759\" data-quantity=\"1\" class=\"button product_type_simple\" data-product_id=\"759\" data-product_sku=\"\" aria-label=\"Lee m\u00e1s sobre &ldquo;Decorado 5245&rdquo;\" rel=\"nofollow\" data-success_message=\"\">Leer m\u00e1s<\/a>\t<span id=\"woocommerce_loop_add_to_cart_link_describedby_759\" class=\"screen-reader-text\">\n\t\t\t<\/span>\n<\/div><!-- close .product-container-pro -->\n<\/li>\n<li class=\"first post-771 product type-product status-publish has-post-thumbnail product_cat-decorado  instock shipping-taxable product-type-simple\">\n<div class=\"product-container-pro\">\n\t<a href=\"https:\/\/envisa.com.mx\/ingles\/producto\/decorado-5820\/\" class=\"woocommerce-LoopProduct-link woocommerce-loop-product__link\">\n\t<a href=\"https:\/\/envisa.com.mx\/ingles\/producto\/decorado-5820\/\">\n\n\t\t<img loading=\"lazy\" decoding=\"async\" width=\"300\" height=\"300\" src=\"https:\/\/envisa.com.mx\/ingles\/wp-content\/uploads\/2015\/10\/envisa_JAI5246-300x300.jpg\" class=\"attachment-woocommerce_thumbnail size-woocommerce_thumbnail\" alt=\"Decorado 5246\" srcset=\"https:\/\/envisa.com.mx\/ingles\/wp-content\/uploads\/2015\/10\/envisa_JAI5246-300x300.jpg 300w, https:\/\/envisa.com.mx\/ingles\/wp-content\/uploads\/2015\/10\/envisa_JAI5246-150x150.jpg 150w, https:\/\/envisa.com.mx\/ingles\/wp-content\/uploads\/2015\/10\/envisa_JAI5246-180x180.jpg 180w, https:\/\/envisa.com.mx\/ingles\/wp-content\/uploads\/2015\/10\/envisa_JAI5246-600x600.jpg 600w\" sizes=\"auto, (max-width: 300px) 100vw, 300px\" \/>\n\t\t<h3>Decorado 5246<\/h3>\n\n\t\t\n\n\t<\/a>\n\n\t<\/a><a href=\"https:\/\/envisa.com.mx\/ingles\/producto\/decorado-5820\/\" aria-describedby=\"woocommerce_loop_add_to_cart_link_describedby_771\" data-quantity=\"1\" class=\"button product_type_simple\" data-product_id=\"771\" data-product_sku=\"\" aria-label=\"Lee m\u00e1s sobre &ldquo;Decorado 5246&rdquo;\" rel=\"nofollow\" data-success_message=\"\">Leer m\u00e1s<\/a>\t<span id=\"woocommerce_loop_add_to_cart_link_describedby_771\" class=\"screen-reader-text\">\n\t\t\t<\/span>\n<\/div><!-- close .product-container-pro -->\n<\/li>\n<li class=\"post-961 product type-product status-publish has-post-thumbnail product_cat-decorado last instock shipping-taxable product-type-simple\">\n<div class=\"product-container-pro\">\n\t<a href=\"https:\/\/envisa.com.mx\/ingles\/producto\/decorado-5248\/\" class=\"woocommerce-LoopProduct-link woocommerce-loop-product__link\">\n\t<a href=\"https:\/\/envisa.com.mx\/ingles\/producto\/decorado-5248\/\">\n\n\t\t<img loading=\"lazy\" decoding=\"async\" width=\"300\" height=\"300\" src=\"https:\/\/envisa.com.mx\/ingles\/wp-content\/uploads\/2015\/10\/envisa_JAI5248-300x300.jpg\" class=\"attachment-woocommerce_thumbnail size-woocommerce_thumbnail\" alt=\"Decorado 5248\" srcset=\"https:\/\/envisa.com.mx\/ingles\/wp-content\/uploads\/2015\/10\/envisa_JAI5248-300x300.jpg 300w, https:\/\/envisa.com.mx\/ingles\/wp-content\/uploads\/2015\/10\/envisa_JAI5248-150x150.jpg 150w, https:\/\/envisa.com.mx\/ingles\/wp-content\/uploads\/2015\/10\/envisa_JAI5248-180x180.jpg 180w, https:\/\/envisa.com.mx\/ingles\/wp-content\/uploads\/2015\/10\/envisa_JAI5248-600x600.jpg 600w\" sizes=\"auto, (max-width: 300px) 100vw, 300px\" \/>\n\t\t<h3>Decorado 5248<\/h3>\n\n\t\t\n\n\t<\/a>\n\n\t<\/a><a href=\"https:\/\/envisa.com.mx\/ingles\/producto\/decorado-5248\/\" aria-describedby=\"woocommerce_loop_add_to_cart_link_describedby_961\" data-quantity=\"1\" class=\"button product_type_simple\" data-product_id=\"961\" data-product_sku=\"\" aria-label=\"Lee m\u00e1s sobre &ldquo;Decorado 5248&rdquo;\" rel=\"nofollow\" data-success_message=\"\">Leer m\u00e1s<\/a>\t<span id=\"woocommerce_loop_add_to_cart_link_describedby_961\" class=\"screen-reader-text\">\n\t\t\t<\/span>\n<\/div><!-- close .product-container-pro -->\n<\/li>\n<li class=\"first post-772 product type-product status-publish has-post-thumbnail product_cat-decorado  instock shipping-taxable product-type-simple\">\n<div class=\"product-container-pro\">\n\t<a href=\"https:\/\/envisa.com.mx\/ingles\/producto\/decorado-5952\/\" class=\"woocommerce-LoopProduct-link woocommerce-loop-product__link\">\n\t<a href=\"https:\/\/envisa.com.mx\/ingles\/producto\/decorado-5952\/\">\n\n\t\t<img loading=\"lazy\" decoding=\"async\" width=\"300\" height=\"300\" src=\"https:\/\/envisa.com.mx\/ingles\/wp-content\/uploads\/2015\/10\/envisa_JAI5253-300x300.jpg\" class=\"attachment-woocommerce_thumbnail size-woocommerce_thumbnail\" alt=\"Decorado 5253\" srcset=\"https:\/\/envisa.com.mx\/ingles\/wp-content\/uploads\/2015\/10\/envisa_JAI5253-300x300.jpg 300w, https:\/\/envisa.com.mx\/ingles\/wp-content\/uploads\/2015\/10\/envisa_JAI5253-150x150.jpg 150w, https:\/\/envisa.com.mx\/ingles\/wp-content\/uploads\/2015\/10\/envisa_JAI5253-180x180.jpg 180w, https:\/\/envisa.com.mx\/ingles\/wp-content\/uploads\/2015\/10\/envisa_JAI5253-600x600.jpg 600w\" sizes=\"auto, (max-width: 300px) 100vw, 300px\" \/>\n\t\t<h3>Decorado 5253<\/h3>\n\n\t\t\n\n\t<\/a>\n\n\t<\/a><a href=\"https:\/\/envisa.com.mx\/ingles\/producto\/decorado-5952\/\" aria-describedby=\"woocommerce_loop_add_to_cart_link_describedby_772\" data-quantity=\"1\" class=\"button product_type_simple\" data-product_id=\"772\" data-product_sku=\"\" aria-label=\"Lee m\u00e1s sobre &ldquo;Decorado 5253&rdquo;\" rel=\"nofollow\" data-success_message=\"\">Leer m\u00e1s<\/a>\t<span id=\"woocommerce_loop_add_to_cart_link_describedby_772\" class=\"screen-reader-text\">\n\t\t\t<\/span>\n<\/div><!-- close .product-container-pro -->\n<\/li>\n<li class=\"post-723 product type-product status-publish has-post-thumbnail product_cat-decorado last instock shipping-taxable product-type-simple\">\n<div class=\"product-container-pro\">\n\t<a href=\"https:\/\/envisa.com.mx\/ingles\/producto\/envisa_jai5254\/\" class=\"woocommerce-LoopProduct-link woocommerce-loop-product__link\">\n\t<a href=\"https:\/\/envisa.com.mx\/ingles\/producto\/envisa_jai5254\/\">\n\n\t\t<img loading=\"lazy\" decoding=\"async\" width=\"300\" height=\"300\" src=\"https:\/\/envisa.com.mx\/ingles\/wp-content\/uploads\/2015\/10\/vaso-dif-300x300.jpg\" class=\"attachment-woocommerce_thumbnail size-woocommerce_thumbnail\" alt=\"Decorado 5254\" srcset=\"https:\/\/envisa.com.mx\/ingles\/wp-content\/uploads\/2015\/10\/vaso-dif-300x300.jpg 300w, https:\/\/envisa.com.mx\/ingles\/wp-content\/uploads\/2015\/10\/vaso-dif-150x150.jpg 150w, https:\/\/envisa.com.mx\/ingles\/wp-content\/uploads\/2015\/10\/vaso-dif-180x180.jpg 180w, https:\/\/envisa.com.mx\/ingles\/wp-content\/uploads\/2015\/10\/vaso-dif-600x600.jpg 600w\" sizes=\"auto, (max-width: 300px) 100vw, 300px\" \/>\n\t\t<h3>Decorado 5254<\/h3>\n\n\t\t\n\n\t<\/a>\n\n\t<\/a><a href=\"https:\/\/envisa.com.mx\/ingles\/producto\/envisa_jai5254\/\" aria-describedby=\"woocommerce_loop_add_to_cart_link_describedby_723\" data-quantity=\"1\" class=\"button product_type_simple\" data-product_id=\"723\" data-product_sku=\"\" aria-label=\"Lee m\u00e1s sobre &ldquo;Decorado 5254&rdquo;\" rel=\"nofollow\" data-success_message=\"\">Leer m\u00e1s<\/a>\t<span id=\"woocommerce_loop_add_to_cart_link_describedby_723\" class=\"screen-reader-text\">\n\t\t\t<\/span>\n<\/div><!-- close .product-container-pro -->\n<\/li>\n<li class=\"first post-973 product type-product status-publish has-post-thumbnail product_cat-decorado  instock shipping-taxable product-type-simple\">\n<div class=\"product-container-pro\">\n\t<a href=\"https:\/\/envisa.com.mx\/ingles\/producto\/decorado-5258\/\" class=\"woocommerce-LoopProduct-link woocommerce-loop-product__link\">\n\t<a href=\"https:\/\/envisa.com.mx\/ingles\/producto\/decorado-5258\/\">\n\n\t\t<img loading=\"lazy\" decoding=\"async\" width=\"300\" height=\"300\" src=\"https:\/\/envisa.com.mx\/ingles\/wp-content\/uploads\/2015\/10\/envisa_JAI5258-300x300.jpg\" class=\"attachment-woocommerce_thumbnail size-woocommerce_thumbnail\" alt=\"Decorado 5258\" srcset=\"https:\/\/envisa.com.mx\/ingles\/wp-content\/uploads\/2015\/10\/envisa_JAI5258-300x300.jpg 300w, https:\/\/envisa.com.mx\/ingles\/wp-content\/uploads\/2015\/10\/envisa_JAI5258-150x150.jpg 150w, https:\/\/envisa.com.mx\/ingles\/wp-content\/uploads\/2015\/10\/envisa_JAI5258-180x180.jpg 180w, https:\/\/envisa.com.mx\/ingles\/wp-content\/uploads\/2015\/10\/envisa_JAI5258-600x600.jpg 600w\" sizes=\"auto, (max-width: 300px) 100vw, 300px\" \/>\n\t\t<h3>Decorado 5258<\/h3>\n\n\t\t\n\n\t<\/a>\n\n\t<\/a><a href=\"https:\/\/envisa.com.mx\/ingles\/producto\/decorado-5258\/\" aria-describedby=\"woocommerce_loop_add_to_cart_link_describedby_973\" data-quantity=\"1\" class=\"button product_type_simple\" data-product_id=\"973\" data-product_sku=\"\" aria-label=\"Lee m\u00e1s sobre &ldquo;Decorado 5258&rdquo;\" rel=\"nofollow\" data-success_message=\"\">Leer m\u00e1s<\/a>\t<span id=\"woocommerce_loop_add_to_cart_link_describedby_973\" class=\"screen-reader-text\">\n\t\t\t<\/span>\n<\/div><!-- close .product-container-pro -->\n<\/li>\n<li class=\"post-770 product type-product status-publish has-post-thumbnail product_cat-decorado last instock shipping-taxable product-type-simple\">\n<div class=\"product-container-pro\">\n\t<a href=\"https:\/\/envisa.com.mx\/ingles\/producto\/decorado-5808\/\" class=\"woocommerce-LoopProduct-link woocommerce-loop-product__link\">\n\t<a href=\"https:\/\/envisa.com.mx\/ingles\/producto\/decorado-5808\/\">\n\n\t\t<img loading=\"lazy\" decoding=\"async\" width=\"300\" height=\"300\" src=\"https:\/\/envisa.com.mx\/ingles\/wp-content\/uploads\/2015\/10\/5808-300x300.jpg\" class=\"attachment-woocommerce_thumbnail size-woocommerce_thumbnail\" alt=\"Decorado 5808\" srcset=\"https:\/\/envisa.com.mx\/ingles\/wp-content\/uploads\/2015\/10\/5808-300x300.jpg 300w, https:\/\/envisa.com.mx\/ingles\/wp-content\/uploads\/2015\/10\/5808-150x150.jpg 150w, https:\/\/envisa.com.mx\/ingles\/wp-content\/uploads\/2015\/10\/5808-180x180.jpg 180w, https:\/\/envisa.com.mx\/ingles\/wp-content\/uploads\/2015\/10\/5808-600x600.jpg 600w\" sizes=\"auto, (max-width: 300px) 100vw, 300px\" \/>\n\t\t<h3>Decorado 5808<\/h3>\n\n\t\t\n\n\t<\/a>\n\n\t<\/a><a href=\"https:\/\/envisa.com.mx\/ingles\/producto\/decorado-5808\/\" aria-describedby=\"woocommerce_loop_add_to_cart_link_describedby_770\" data-quantity=\"1\" class=\"button product_type_simple\" data-product_id=\"770\" data-product_sku=\"\" aria-label=\"Lee m\u00e1s sobre &ldquo;Decorado 5808&rdquo;\" rel=\"nofollow\" data-success_message=\"\">Leer m\u00e1s<\/a>\t<span id=\"woocommerce_loop_add_to_cart_link_describedby_770\" class=\"screen-reader-text\">\n\t\t\t<\/span>\n<\/div><!-- close .product-container-pro -->\n<\/li>\n<\/ul>\n<\/div><\/div><\/div><\/div>\n","protected":false},"excerpt":{"rendered":"Decorated drinkware Decorado 5233 Leer m\u00e1s Decorado 5236 Leer m\u00e1s Decorado 5237 Leer m\u00e1s Decorado 5239 Leer m\u00e1s Decorado 5240 Leer m\u00e1s Decorado 5241 Leer m\u00e1s Decorado 5244 Leer m\u00e1s Decorado 5245 Leer m\u00e1s Decorado 5246 Leer m\u00e1s Decorado 5248 Leer m\u00e1s Decorado 5253 Leer m\u00e1s Decorado 5254 Leer m\u00e1s Decorado 5258 Leer m\u00e1s Decorado [...]","protected":false},"author":1,"featured_media":0,"parent":0,"menu_order":0,"comment_status":"closed","ping_status":"closed","template":"page-sidebar.php","meta":{"footnotes":""},"class_list":["post-444","page","type-page","status-publish","hentry"],"_links":{"self":[{"href":"https:\/\/envisa.com.mx\/ingles\/wp-json\/wp\/v2\/pages\/444","targetHints":{"allow":["GET"]}}],"collection":[{"href":"https:\/\/envisa.com.mx\/ingles\/wp-json\/wp\/v2\/pages"}],"about":[{"href":"https:\/\/envisa.com.mx\/ingles\/wp-json\/wp\/v2\/types\/page"}],"author":[{"embeddable":true,"href":"https:\/\/envisa.com.mx\/ingles\/wp-json\/wp\/v2\/users\/1"}],"replies":[{"embeddable":true,"href":"https:\/\/envisa.com.mx\/ingles\/wp-json\/wp\/v2\/comments?post=444"}],"version-history":[{"count":5,"href":"https:\/\/envisa.com.mx\/ingles\/wp-json\/wp\/v2\/pages\/444\/revisions"}],"predecessor-version":[{"id":1186,"href":"https:\/\/envisa.com.mx\/ingles\/wp-json\/wp\/v2\/pages\/444\/revisions\/1186"}],"wp:attachment":[{"href":"https:\/\/envisa.com.mx\/ingles\/wp-json\/wp\/v2\/media?parent=444"}],"curies":[{"name":"wp","href":"https:\/\/api.w.org\/{rel}","templated":true}]}}