{"id":1046,"date":"2016-10-03T18:21:33","date_gmt":"2016-10-03T23:21:33","guid":{"rendered":"http:\/\/envisa.com.mx\/?page_id=1046"},"modified":"2016-10-31T17:42:16","modified_gmt":"2016-10-31T23:42:16","slug":"fondo-de-color","status":"publish","type":"page","link":"http:\/\/envisa.com.mx\/ingles\/fondo-de-color\/","title":{"rendered":"Sprayed color"},"content":{"rendered":"<div class=\"vc_row wpb_row vc_row-fluid\"><div class=\"wpb_column vc_column_container vc_col-sm-12\"><div class=\"wpb_wrapper\">\n\t<div class=\"wpb_text_column wpb_content_element \">\n\t\t<div class=\"wpb_wrapper\">\n\t\t\t<p><img loading=\"lazy\" decoding=\"async\" class=\"aligncenter wp-image-1176 size-full\" src=\"http:\/\/envisa.com.mx\/ingles\/wp-content\/uploads\/2015\/09\/products.png\" alt=\"\" width=\"844\" height=\"250\" srcset=\"http:\/\/envisa.com.mx\/ingles\/wp-content\/uploads\/2015\/09\/products.png 844w, http:\/\/envisa.com.mx\/ingles\/wp-content\/uploads\/2015\/09\/products-300x89.png 300w\" sizes=\"auto, (max-width: 844px) 100vw, 844px\" \/><\/p>\n\n\t\t<\/div> \n\t<\/div> <h2 style=\"color: #4a4a4a;text-align: center\" class=\"vc_custom_heading\">Sprayed color<\/h2><div class=\"woocommerce columns-4 \"><ul class=\"products columns-4\">\n<li class=\"first post-860 product type-product status-publish has-post-thumbnail product_cat-vidrio-pintado  instock shipping-taxable product-type-simple\">\n<div class=\"product-container-pro\">\n\t<a href=\"http:\/\/envisa.com.mx\/ingles\/producto\/5337\/\" class=\"woocommerce-LoopProduct-link woocommerce-loop-product__link\">\n\t<a href=\"http:\/\/envisa.com.mx\/ingles\/producto\/5337\/\">\n\n\t\t<img loading=\"lazy\" decoding=\"async\" width=\"300\" height=\"300\" src=\"http:\/\/envisa.com.mx\/ingles\/wp-content\/uploads\/2015\/10\/envisa_JAI5224_1-300x300.jpg\" class=\"attachment-woocommerce_thumbnail size-woocommerce_thumbnail\" alt=\"Aries\" srcset=\"http:\/\/envisa.com.mx\/ingles\/wp-content\/uploads\/2015\/10\/envisa_JAI5224_1-300x300.jpg 300w, http:\/\/envisa.com.mx\/ingles\/wp-content\/uploads\/2015\/10\/envisa_JAI5224_1-150x150.jpg 150w, http:\/\/envisa.com.mx\/ingles\/wp-content\/uploads\/2015\/10\/envisa_JAI5224_1-180x180.jpg 180w, http:\/\/envisa.com.mx\/ingles\/wp-content\/uploads\/2015\/10\/envisa_JAI5224_1-600x600.jpg 600w\" sizes=\"auto, (max-width: 300px) 100vw, 300px\" \/>\n\t\t<h3>Aries<\/h3>\n\n\t\t\n\n\t<\/a>\n\n\t<\/a><a href=\"http:\/\/envisa.com.mx\/ingles\/producto\/5337\/\" aria-describedby=\"woocommerce_loop_add_to_cart_link_describedby_860\" data-quantity=\"1\" class=\"button product_type_simple\" data-product_id=\"860\" data-product_sku=\"\" aria-label=\"Lee m\u00e1s sobre &ldquo;Aries&rdquo;\" rel=\"nofollow\" data-success_message=\"\">Leer m\u00e1s<\/a>\t<span id=\"woocommerce_loop_add_to_cart_link_describedby_860\" class=\"screen-reader-text\">\n\t\t\t<\/span>\n<\/div><!-- close .product-container-pro -->\n<\/li>\n<li class=\"post-885 product type-product status-publish has-post-thumbnail product_cat-vidrio-pintado last instock shipping-taxable product-type-simple\">\n<div class=\"product-container-pro\">\n\t<a href=\"http:\/\/envisa.com.mx\/ingles\/producto\/sagitario-fondo-fiusha-primavera\/\" class=\"woocommerce-LoopProduct-link woocommerce-loop-product__link\">\n\t<a href=\"http:\/\/envisa.com.mx\/ingles\/producto\/sagitario-fondo-fiusha-primavera\/\">\n\n\t\t<img loading=\"lazy\" decoding=\"async\" width=\"300\" height=\"300\" src=\"http:\/\/envisa.com.mx\/ingles\/wp-content\/uploads\/2015\/10\/envisa_JAI5189_1-300x300.jpg\" class=\"attachment-woocommerce_thumbnail size-woocommerce_thumbnail\" alt=\"Cubero\" srcset=\"http:\/\/envisa.com.mx\/ingles\/wp-content\/uploads\/2015\/10\/envisa_JAI5189_1-300x300.jpg 300w, http:\/\/envisa.com.mx\/ingles\/wp-content\/uploads\/2015\/10\/envisa_JAI5189_1-150x150.jpg 150w, http:\/\/envisa.com.mx\/ingles\/wp-content\/uploads\/2015\/10\/envisa_JAI5189_1-180x180.jpg 180w, http:\/\/envisa.com.mx\/ingles\/wp-content\/uploads\/2015\/10\/envisa_JAI5189_1-600x600.jpg 600w\" sizes=\"auto, (max-width: 300px) 100vw, 300px\" \/>\n\t\t<h3>Cubero<\/h3>\n\n\t\t\n\n\t<\/a>\n\n\t<\/a><a href=\"http:\/\/envisa.com.mx\/ingles\/producto\/sagitario-fondo-fiusha-primavera\/\" aria-describedby=\"woocommerce_loop_add_to_cart_link_describedby_885\" data-quantity=\"1\" class=\"button product_type_simple\" data-product_id=\"885\" data-product_sku=\"\" aria-label=\"Lee m\u00e1s sobre &ldquo;Cubero&rdquo;\" rel=\"nofollow\" data-success_message=\"\">Leer m\u00e1s<\/a>\t<span id=\"woocommerce_loop_add_to_cart_link_describedby_885\" class=\"screen-reader-text\">\n\t\t\t<\/span>\n<\/div><!-- close .product-container-pro -->\n<\/li>\n<li class=\"first post-1050 product type-product status-publish has-post-thumbnail product_cat-vidrio-pintado  instock shipping-taxable product-type-simple\">\n<div class=\"product-container-pro\">\n\t<a href=\"http:\/\/envisa.com.mx\/ingles\/producto\/violeta-lavanda\/\" class=\"woocommerce-LoopProduct-link woocommerce-loop-product__link\">\n\t<a href=\"http:\/\/envisa.com.mx\/ingles\/producto\/violeta-lavanda\/\">\n\n\t\t<img loading=\"lazy\" decoding=\"async\" width=\"300\" height=\"300\" src=\"http:\/\/envisa.com.mx\/ingles\/wp-content\/uploads\/2016\/10\/envisa_JAI5203-300x300.jpg\" class=\"attachment-woocommerce_thumbnail size-woocommerce_thumbnail\" alt=\"Leo\" srcset=\"http:\/\/envisa.com.mx\/ingles\/wp-content\/uploads\/2016\/10\/envisa_JAI5203-300x300.jpg 300w, http:\/\/envisa.com.mx\/ingles\/wp-content\/uploads\/2016\/10\/envisa_JAI5203-150x150.jpg 150w, http:\/\/envisa.com.mx\/ingles\/wp-content\/uploads\/2016\/10\/envisa_JAI5203-180x180.jpg 180w, http:\/\/envisa.com.mx\/ingles\/wp-content\/uploads\/2016\/10\/envisa_JAI5203-600x600.jpg 600w\" sizes=\"auto, (max-width: 300px) 100vw, 300px\" \/>\n\t\t<h3>Leo<\/h3>\n\n\t\t\n\n\t<\/a>\n\n\t<\/a><a href=\"http:\/\/envisa.com.mx\/ingles\/producto\/violeta-lavanda\/\" aria-describedby=\"woocommerce_loop_add_to_cart_link_describedby_1050\" data-quantity=\"1\" class=\"button product_type_simple\" data-product_id=\"1050\" data-product_sku=\"\" aria-label=\"Lee m\u00e1s sobre &ldquo;Leo&rdquo;\" rel=\"nofollow\" data-success_message=\"\">Leer m\u00e1s<\/a>\t<span id=\"woocommerce_loop_add_to_cart_link_describedby_1050\" class=\"screen-reader-text\">\n\t\t\t<\/span>\n<\/div><!-- close .product-container-pro -->\n<\/li>\n<li class=\"post-1054 product type-product status-publish has-post-thumbnail product_cat-vidrio-pintado last instock shipping-taxable product-type-simple\">\n<div class=\"product-container-pro\">\n\t<a href=\"http:\/\/envisa.com.mx\/ingles\/producto\/naranja-coctel\/\" class=\"woocommerce-LoopProduct-link woocommerce-loop-product__link\">\n\t<a href=\"http:\/\/envisa.com.mx\/ingles\/producto\/naranja-coctel\/\">\n\n\t\t<img loading=\"lazy\" decoding=\"async\" width=\"300\" height=\"300\" src=\"http:\/\/envisa.com.mx\/ingles\/wp-content\/uploads\/2016\/10\/envisa_JAI5207_1-300x300.jpg\" class=\"attachment-woocommerce_thumbnail size-woocommerce_thumbnail\" alt=\"Mil\u00e1n\" srcset=\"http:\/\/envisa.com.mx\/ingles\/wp-content\/uploads\/2016\/10\/envisa_JAI5207_1-300x300.jpg 300w, http:\/\/envisa.com.mx\/ingles\/wp-content\/uploads\/2016\/10\/envisa_JAI5207_1-150x150.jpg 150w, http:\/\/envisa.com.mx\/ingles\/wp-content\/uploads\/2016\/10\/envisa_JAI5207_1-180x180.jpg 180w, http:\/\/envisa.com.mx\/ingles\/wp-content\/uploads\/2016\/10\/envisa_JAI5207_1-600x600.jpg 600w\" sizes=\"auto, (max-width: 300px) 100vw, 300px\" \/>\n\t\t<h3>Mil\u00e1n<\/h3>\n\n\t\t\n\n\t<\/a>\n\n\t<\/a><a href=\"http:\/\/envisa.com.mx\/ingles\/producto\/naranja-coctel\/\" aria-describedby=\"woocommerce_loop_add_to_cart_link_describedby_1054\" data-quantity=\"1\" class=\"button product_type_simple\" data-product_id=\"1054\" data-product_sku=\"\" aria-label=\"Lee m\u00e1s sobre &ldquo;Mil\u00e1n&rdquo;\" rel=\"nofollow\" data-success_message=\"\">Leer m\u00e1s<\/a>\t<span id=\"woocommerce_loop_add_to_cart_link_describedby_1054\" class=\"screen-reader-text\">\n\t\t\t<\/span>\n<\/div><!-- close .product-container-pro -->\n<\/li>\n<li class=\"first post-1056 product type-product status-publish has-post-thumbnail product_cat-vidrio-pintado  instock shipping-taxable product-type-simple\">\n<div class=\"product-container-pro\">\n\t<a href=\"http:\/\/envisa.com.mx\/ingles\/producto\/verde-manzana\/\" class=\"woocommerce-LoopProduct-link woocommerce-loop-product__link\">\n\t<a href=\"http:\/\/envisa.com.mx\/ingles\/producto\/verde-manzana\/\">\n\n\t\t<img loading=\"lazy\" decoding=\"async\" width=\"300\" height=\"300\" src=\"http:\/\/envisa.com.mx\/ingles\/wp-content\/uploads\/2015\/10\/5340-300x300.jpg\" class=\"attachment-woocommerce_thumbnail size-woocommerce_thumbnail\" alt=\"Sagitario\" srcset=\"http:\/\/envisa.com.mx\/ingles\/wp-content\/uploads\/2015\/10\/5340-300x300.jpg 300w, http:\/\/envisa.com.mx\/ingles\/wp-content\/uploads\/2015\/10\/5340-150x150.jpg 150w, http:\/\/envisa.com.mx\/ingles\/wp-content\/uploads\/2015\/10\/5340-180x180.jpg 180w, http:\/\/envisa.com.mx\/ingles\/wp-content\/uploads\/2015\/10\/5340-600x600.jpg 600w\" sizes=\"auto, (max-width: 300px) 100vw, 300px\" \/>\n\t\t<h3>Sagitario<\/h3>\n\n\t\t\n\n\t<\/a>\n\n\t<\/a><a href=\"http:\/\/envisa.com.mx\/ingles\/producto\/verde-manzana\/\" aria-describedby=\"woocommerce_loop_add_to_cart_link_describedby_1056\" data-quantity=\"1\" class=\"button product_type_simple\" data-product_id=\"1056\" data-product_sku=\"\" aria-label=\"Lee m\u00e1s sobre &ldquo;Sagitario&rdquo;\" rel=\"nofollow\" data-success_message=\"\">Leer m\u00e1s<\/a>\t<span id=\"woocommerce_loop_add_to_cart_link_describedby_1056\" class=\"screen-reader-text\">\n\t\t\t<\/span>\n<\/div><!-- close .product-container-pro -->\n<\/li>\n<li class=\"post-1052 product type-product status-publish has-post-thumbnail product_cat-vidrio-pintado last instock shipping-taxable product-type-simple\">\n<div class=\"product-container-pro\">\n\t<a href=\"http:\/\/envisa.com.mx\/ingles\/producto\/negro-nocturno\/\" class=\"woocommerce-LoopProduct-link woocommerce-loop-product__link\">\n\t<a href=\"http:\/\/envisa.com.mx\/ingles\/producto\/negro-nocturno\/\">\n\n\t\t<img loading=\"lazy\" decoding=\"async\" width=\"300\" height=\"300\" src=\"http:\/\/envisa.com.mx\/ingles\/wp-content\/uploads\/2016\/10\/envisa_JAI5178-300x300.jpg\" class=\"attachment-woocommerce_thumbnail size-woocommerce_thumbnail\" alt=\"Tur\u00edn\" srcset=\"http:\/\/envisa.com.mx\/ingles\/wp-content\/uploads\/2016\/10\/envisa_JAI5178-300x300.jpg 300w, http:\/\/envisa.com.mx\/ingles\/wp-content\/uploads\/2016\/10\/envisa_JAI5178-150x150.jpg 150w, http:\/\/envisa.com.mx\/ingles\/wp-content\/uploads\/2016\/10\/envisa_JAI5178-180x180.jpg 180w, http:\/\/envisa.com.mx\/ingles\/wp-content\/uploads\/2016\/10\/envisa_JAI5178-600x600.jpg 600w\" sizes=\"auto, (max-width: 300px) 100vw, 300px\" \/>\n\t\t<h3>Tur\u00edn<\/h3>\n\n\t\t\n\n\t<\/a>\n\n\t<\/a><a href=\"http:\/\/envisa.com.mx\/ingles\/producto\/negro-nocturno\/\" aria-describedby=\"woocommerce_loop_add_to_cart_link_describedby_1052\" data-quantity=\"1\" class=\"button product_type_simple\" data-product_id=\"1052\" data-product_sku=\"\" aria-label=\"Lee m\u00e1s sobre &ldquo;Tur\u00edn&rdquo;\" rel=\"nofollow\" data-success_message=\"\">Leer m\u00e1s<\/a>\t<span id=\"woocommerce_loop_add_to_cart_link_describedby_1052\" class=\"screen-reader-text\">\n\t\t\t<\/span>\n<\/div><!-- close .product-container-pro -->\n<\/li>\n<\/ul>\n<\/div><\/div><\/div><\/div>\n","protected":false},"excerpt":{"rendered":"Sprayed color Aries Leer m\u00e1s Cubero Leer m\u00e1s Leo Leer m\u00e1s Mil\u00e1n Leer m\u00e1s Sagitario Leer m\u00e1s Tur\u00edn Leer m\u00e1s","protected":false},"author":1,"featured_media":0,"parent":0,"menu_order":0,"comment_status":"closed","ping_status":"closed","template":"page-sidebar.php","meta":{"footnotes":""},"class_list":["post-1046","page","type-page","status-publish","hentry"],"_links":{"self":[{"href":"http:\/\/envisa.com.mx\/ingles\/wp-json\/wp\/v2\/pages\/1046","targetHints":{"allow":["GET"]}}],"collection":[{"href":"http:\/\/envisa.com.mx\/ingles\/wp-json\/wp\/v2\/pages"}],"about":[{"href":"http:\/\/envisa.com.mx\/ingles\/wp-json\/wp\/v2\/types\/page"}],"author":[{"embeddable":true,"href":"http:\/\/envisa.com.mx\/ingles\/wp-json\/wp\/v2\/users\/1"}],"replies":[{"embeddable":true,"href":"http:\/\/envisa.com.mx\/ingles\/wp-json\/wp\/v2\/comments?post=1046"}],"version-history":[{"count":4,"href":"http:\/\/envisa.com.mx\/ingles\/wp-json\/wp\/v2\/pages\/1046\/revisions"}],"predecessor-version":[{"id":1183,"href":"http:\/\/envisa.com.mx\/ingles\/wp-json\/wp\/v2\/pages\/1046\/revisions\/1183"}],"wp:attachment":[{"href":"http:\/\/envisa.com.mx\/ingles\/wp-json\/wp\/v2\/media?parent=1046"}],"curies":[{"name":"wp","href":"https:\/\/api.w.org\/{rel}","templated":true}]}}